{"id":5537,"date":"2024-11-23T21:27:24","date_gmt":"2024-11-23T20:27:24","guid":{"rendered":"https:\/\/casasolcor.com\/?page_id=5537"},"modified":"2024-11-23T21:29:42","modified_gmt":"2024-11-23T20:29:42","slug":"proximamente","status":"publish","type":"page","link":"https:\/\/casasolcor.cl\/en\/proximamente\/","title":{"rendered":"Pr\u00f3ximamente"},"content":{"rendered":"<div data-elementor-type=\"wp-page\" data-elementor-id=\"5537\" class=\"elementor elementor-5537\">\n\t\t\t\t\t\t<section class=\"elementor-section elementor-top-section elementor-element elementor-element-e74e671 elementor-section-stretched elementor-section-full_width elementor-section-height-full elementor-section-content-middle elementor-section-height-default elementor-section-items-middle\" data-id=\"e74e671\" data-element_type=\"section\" data-settings=\"{&quot;stretch_section&quot;:&quot;section-stretched&quot;,&quot;background_background&quot;:&quot;classic&quot;}\">\n\t\t\t\t\t\t<div class=\"elementor-container elementor-column-gap-no\">\n\t\t\t\t\t<div class=\"elementor-column elementor-col-100 elementor-top-column elementor-element elementor-element-dde76e6\" data-id=\"dde76e6\" data-element_type=\"column\">\n\t\t\t<div class=\"elementor-widget-wrap elementor-element-populated\">\n\t\t\t\t\t\t<div class=\"elementor-element elementor-element-0dec522 elementor-align-center elementor-widget elementor-widget-heading\" data-id=\"0dec522\" data-element_type=\"widget\" data-widget_type=\"heading.default\">\n\t\t\t\t<div class=\"elementor-widget-container\">\n\t\t\t\t\t<h2 class=\"elementor-heading-title elementor-size-default\">Pr\u00f3ximamente<\/h2>\t\t\t\t<\/div>\n\t\t\t\t<\/div>\n\t\t\t\t<div class=\"elementor-element elementor-element-704198c elementor-align-center elementor-widget elementor-widget-heading\" data-id=\"704198c\" data-element_type=\"widget\" data-widget_type=\"heading.default\">\n\t\t\t\t<div class=\"elementor-widget-container\">\n\t\t\t\t\t<h3 class=\"elementor-heading-title elementor-size-default\">Sitio en construcci\u00f3n<\/h3>\t\t\t\t<\/div>\n\t\t\t\t<\/div>\n\t\t\t\t<div class=\"elementor-element elementor-element-1c9d048 elementor-widget elementor-widget-text-editor\" data-id=\"1c9d048\" data-element_type=\"widget\" data-widget_type=\"text-editor.default\">\n\t\t\t\t<div class=\"elementor-widget-container\">\n\t\t\t\t\t        <div class=\"elementor-text-editor elementor-clearfix\"><p>Visita este sitio web en las pr\u00f3ximas semanas.<\/p><\/div>\n        \t\t\t\t<\/div>\n\t\t\t\t<\/div>\n\t\t\t\t\t<\/div>\n\t\t<\/div>\n\t\t\t\t\t<\/div>\n\t\t<\/section>\n\t\t\t\t<\/div>","protected":false},"excerpt":{"rendered":"<p>Pr\u00f3ximamente Sitio en construcci\u00f3n Visita este sitio web en las pr\u00f3ximas semanas.<\/p>","protected":false},"author":1,"featured_media":0,"parent":0,"menu_order":17,"comment_status":"closed","ping_status":"closed","template":"page-elementor.php","meta":{"inline_featured_image":false,"_joinchat":[],"footnotes":""},"class_list":["post-5537","page","type-page","status-publish","hentry"],"yoast_head":"<!-- This site is optimized with the Yoast SEO plugin v24.8.1 - https:\/\/yoast.com\/wordpress\/plugins\/seo\/ -->\n<title>Pr\u00f3ximamente - Casa Solcor<\/title>\n<meta name=\"robots\" content=\"index, follow, max-snippet:-1, max-image-preview:large, max-video-preview:-1\" \/>\n<link rel=\"canonical\" href=\"https:\/\/casasolcor.cl\/en\/proximamente\/\" \/>\n<meta property=\"og:locale\" content=\"en_US\" \/>\n<meta property=\"og:type\" content=\"article\" \/>\n<meta property=\"og:title\" content=\"Pr\u00f3ximamente - Casa Solcor\" \/>\n<meta property=\"og:description\" content=\"Pr\u00f3ximamente Sitio en construcci\u00f3n Visita este sitio web en las pr\u00f3ximas semanas.\" \/>\n<meta property=\"og:url\" content=\"https:\/\/casasolcor.cl\/en\/proximamente\/\" \/>\n<meta property=\"og:site_name\" content=\"Casa Solcor\" \/>\n<meta property=\"article:modified_time\" content=\"2024-11-23T20:29:42+00:00\" \/>\n<meta name=\"twitter:card\" content=\"summary_large_image\" \/>\n<script type=\"application\/ld+json\" class=\"yoast-schema-graph\">{\"@context\":\"https:\/\/schema.org\",\"@graph\":[{\"@type\":\"WebPage\",\"@id\":\"https:\/\/casasolcor.cl\/en\/proximamente\/\",\"url\":\"https:\/\/casasolcor.cl\/en\/proximamente\/\",\"name\":\"Pr\u00f3ximamente - Casa Solcor\",\"isPartOf\":{\"@id\":\"https:\/\/casasolcor.cl\/#website\"},\"datePublished\":\"2024-11-23T20:27:24+00:00\",\"dateModified\":\"2024-11-23T20:29:42+00:00\",\"breadcrumb\":{\"@id\":\"https:\/\/casasolcor.cl\/en\/proximamente\/#breadcrumb\"},\"inLanguage\":\"en-US\",\"potentialAction\":[{\"@type\":\"ReadAction\",\"target\":[\"https:\/\/casasolcor.cl\/en\/proximamente\/\"]}]},{\"@type\":\"BreadcrumbList\",\"@id\":\"https:\/\/casasolcor.cl\/en\/proximamente\/#breadcrumb\",\"itemListElement\":[{\"@type\":\"ListItem\",\"position\":1,\"name\":\"Portada\",\"item\":\"https:\/\/casasolcor.cl\/\"},{\"@type\":\"ListItem\",\"position\":2,\"name\":\"Pr\u00f3ximamente\"}]},{\"@type\":\"WebSite\",\"@id\":\"https:\/\/casasolcor.cl\/#website\",\"url\":\"https:\/\/casasolcor.cl\/\",\"name\":\"Casa Solcor\",\"description\":\"Bed &amp; Breakfast Boutique\",\"publisher\":{\"@id\":\"https:\/\/casasolcor.cl\/#organization\"},\"potentialAction\":[{\"@type\":\"SearchAction\",\"target\":{\"@type\":\"EntryPoint\",\"urlTemplate\":\"https:\/\/casasolcor.cl\/?s={search_term_string}\"},\"query-input\":{\"@type\":\"PropertyValueSpecification\",\"valueRequired\":true,\"valueName\":\"search_term_string\"}}],\"inLanguage\":\"en-US\"},{\"@type\":\"Organization\",\"@id\":\"https:\/\/casasolcor.cl\/#organization\",\"name\":\"Casa Solcor\",\"url\":\"https:\/\/casasolcor.cl\/\",\"logo\":{\"@type\":\"ImageObject\",\"inLanguage\":\"en-US\",\"@id\":\"https:\/\/casasolcor.cl\/#\/schema\/logo\/image\/\",\"url\":\"https:\/\/casasolcor.cl\/wp-content\/uploads\/2024\/12\/cropped-iso.png\",\"contentUrl\":\"https:\/\/casasolcor.cl\/wp-content\/uploads\/2024\/12\/cropped-iso.png\",\"width\":512,\"height\":512,\"caption\":\"Casa Solcor\"},\"image\":{\"@id\":\"https:\/\/casasolcor.cl\/#\/schema\/logo\/image\/\"},\"sameAs\":[\"https:\/\/www.instagram.com\/casasolcor\/\",\"https:\/\/www.youtube.com\/@CasaSolcor\"]}]}<\/script>\n<!-- \/ Yoast SEO plugin. -->","yoast_head_json":{"title":"Pr\u00f3ximamente - Casa Solcor","robots":{"index":"index","follow":"follow","max-snippet":"max-snippet:-1","max-image-preview":"max-image-preview:large","max-video-preview":"max-video-preview:-1"},"canonical":"https:\/\/casasolcor.cl\/en\/proximamente\/","og_locale":"en_US","og_type":"article","og_title":"Pr\u00f3ximamente - Casa Solcor","og_description":"Pr\u00f3ximamente Sitio en construcci\u00f3n Visita este sitio web en las pr\u00f3ximas semanas.","og_url":"https:\/\/casasolcor.cl\/en\/proximamente\/","og_site_name":"Casa Solcor","article_modified_time":"2024-11-23T20:29:42+00:00","twitter_card":"summary_large_image","schema":{"@context":"https:\/\/schema.org","@graph":[{"@type":"WebPage","@id":"https:\/\/casasolcor.cl\/en\/proximamente\/","url":"https:\/\/casasolcor.cl\/en\/proximamente\/","name":"Pr\u00f3ximamente - Casa Solcor","isPartOf":{"@id":"https:\/\/casasolcor.cl\/#website"},"datePublished":"2024-11-23T20:27:24+00:00","dateModified":"2024-11-23T20:29:42+00:00","breadcrumb":{"@id":"https:\/\/casasolcor.cl\/en\/proximamente\/#breadcrumb"},"inLanguage":"en-US","potentialAction":[{"@type":"ReadAction","target":["https:\/\/casasolcor.cl\/en\/proximamente\/"]}]},{"@type":"BreadcrumbList","@id":"https:\/\/casasolcor.cl\/en\/proximamente\/#breadcrumb","itemListElement":[{"@type":"ListItem","position":1,"name":"Portada","item":"https:\/\/casasolcor.cl\/"},{"@type":"ListItem","position":2,"name":"Pr\u00f3ximamente"}]},{"@type":"WebSite","@id":"https:\/\/casasolcor.cl\/#website","url":"https:\/\/casasolcor.cl\/","name":"Casa Solcor","description":"Bed &amp; Breakfast Boutique","publisher":{"@id":"https:\/\/casasolcor.cl\/#organization"},"potentialAction":[{"@type":"SearchAction","target":{"@type":"EntryPoint","urlTemplate":"https:\/\/casasolcor.cl\/?s={search_term_string}"},"query-input":{"@type":"PropertyValueSpecification","valueRequired":true,"valueName":"search_term_string"}}],"inLanguage":"en-US"},{"@type":"Organization","@id":"https:\/\/casasolcor.cl\/#organization","name":"Casa Solcor","url":"https:\/\/casasolcor.cl\/","logo":{"@type":"ImageObject","inLanguage":"en-US","@id":"https:\/\/casasolcor.cl\/#\/schema\/logo\/image\/","url":"https:\/\/casasolcor.cl\/wp-content\/uploads\/2024\/12\/cropped-iso.png","contentUrl":"https:\/\/casasolcor.cl\/wp-content\/uploads\/2024\/12\/cropped-iso.png","width":512,"height":512,"caption":"Casa Solcor"},"image":{"@id":"https:\/\/casasolcor.cl\/#\/schema\/logo\/image\/"},"sameAs":["https:\/\/www.instagram.com\/casasolcor\/","https:\/\/www.youtube.com\/@CasaSolcor"]}]}},"_links":{"self":[{"href":"https:\/\/casasolcor.cl\/en\/wp-json\/wp\/v2\/pages\/5537","targetHints":{"allow":["GET"]}}],"collection":[{"href":"https:\/\/casasolcor.cl\/en\/wp-json\/wp\/v2\/pages"}],"about":[{"href":"https:\/\/casasolcor.cl\/en\/wp-json\/wp\/v2\/types\/page"}],"author":[{"embeddable":true,"href":"https:\/\/casasolcor.cl\/en\/wp-json\/wp\/v2\/users\/1"}],"replies":[{"embeddable":true,"href":"https:\/\/casasolcor.cl\/en\/wp-json\/wp\/v2\/comments?post=5537"}],"version-history":[{"count":6,"href":"https:\/\/casasolcor.cl\/en\/wp-json\/wp\/v2\/pages\/5537\/revisions"}],"predecessor-version":[{"id":5543,"href":"https:\/\/casasolcor.cl\/en\/wp-json\/wp\/v2\/pages\/5537\/revisions\/5543"}],"wp:attachment":[{"href":"https:\/\/casasolcor.cl\/en\/wp-json\/wp\/v2\/media?parent=5537"}],"curies":[{"name":"wp","href":"https:\/\/api.w.org\/{rel}","templated":true}]}}